{"id":5999,"date":"2024-12-02T22:43:05","date_gmt":"2024-12-02T22:43:05","guid":{"rendered":"https:\/\/thegourmet.com.ec\/wp\/?post_type=product&#038;p=5999"},"modified":"2025-04-13T02:31:33","modified_gmt":"2025-04-13T02:31:33","slug":"pizza-de-camaron","status":"publish","type":"product","link":"https:\/\/thegourmet.com.ec\/wp\/product\/pizza-de-camaron\/","title":{"rendered":"Pizza de Camar\u00f3n"},"content":{"rendered":"<p style=\"text-align: center;\">D\u00e9jate seducir por la frescura del oc\u00e9ano con cada bocado de deliciosos camarones. Sum\u00e9rgete en una combinaci\u00f3n de sabores que te transportar\u00e1 directamente a la costa con cada porci\u00f3n.<\/p>\n<p style=\"text-align: center;\"><strong>Ingredientes:<\/strong> Camarones, pimientos, jam\u00f3n, champi\u00f1ones, queso mozarella, or\u00e9gano y salsa especial de la casa.<\/p>\n","protected":false},"excerpt":{"rendered":"<p>D\u00e9jate seducir por la frescura del oc\u00e9ano con cada bocado de deliciosos camarones. Sum\u00e9rgete en una combinaci\u00f3n de sabores que te transportar\u00e1 directamente a la costa con cada porci\u00f3n.<\/p>\n<p>Ingredientes: Camarones, pimientos, jam\u00f3n, champi\u00f1ones, queso mozarella, or\u00e9gano y salsa especial de la casa.<\/p>\n","protected":false},"featured_media":5370,"comment_status":"open","ping_status":"closed","template":"","meta":[],"product_cat":[61,62,51,59],"product_tag":[],"class_list":{"0":"post-5999","1":"product","2":"type-product","3":"status-publish","4":"has-post-thumbnail","6":"product_cat-pizza-by-the-slice","7":"product_cat-deep-dish-pizza","8":"product_cat-pizza","9":"product_cat-thin-crust-pizza","11":"first","12":"instock","13":"featured","14":"shipping-taxable","15":"purchasable","16":"product-type-variable"},"_links":{"self":[{"href":"https:\/\/thegourmet.com.ec\/wp\/wp-json\/wp\/v2\/product\/5999","targetHints":{"allow":["GET"]}}],"collection":[{"href":"https:\/\/thegourmet.com.ec\/wp\/wp-json\/wp\/v2\/product"}],"about":[{"href":"https:\/\/thegourmet.com.ec\/wp\/wp-json\/wp\/v2\/types\/product"}],"replies":[{"embeddable":true,"href":"https:\/\/thegourmet.com.ec\/wp\/wp-json\/wp\/v2\/comments?post=5999"}],"wp:featuredmedia":[{"embeddable":true,"href":"https:\/\/thegourmet.com.ec\/wp\/wp-json\/wp\/v2\/media\/5370"}],"wp:attachment":[{"href":"https:\/\/thegourmet.com.ec\/wp\/wp-json\/wp\/v2\/media?parent=5999"}],"wp:term":[{"taxonomy":"product_cat","embeddable":true,"href":"https:\/\/thegourmet.com.ec\/wp\/wp-json\/wp\/v2\/product_cat?post=5999"},{"taxonomy":"product_tag","embeddable":true,"href":"https:\/\/thegourmet.com.ec\/wp\/wp-json\/wp\/v2\/product_tag?post=5999"}],"curies":[{"name":"wp","href":"https:\/\/api.w.org\/{rel}","templated":true}]}}