{"id":5983,"date":"2024-12-02T22:27:44","date_gmt":"2024-12-02T22:27:44","guid":{"rendered":"https:\/\/thegourmet.com.ec\/wp\/?post_type=product&#038;p=5983"},"modified":"2024-12-02T22:31:06","modified_gmt":"2024-12-02T22:31:06","slug":"pizza-de-choricillo","status":"publish","type":"product","link":"https:\/\/thegourmet.com.ec\/wp\/product\/pizza-de-choricillo\/","title":{"rendered":"Pizza de Choricillo"},"content":{"rendered":"<p>Si te encantan los embutidos no puedes perderte de esta exquisita pizza, hecha especialmente para los amantes de los embutidos de primera calidad.<\/p>\n<p style=\"text-align: center;\"><strong>Ingredientes:<\/strong> Choricillos, champi\u00f1ones, jam\u00f3n, queso mozarella fundido, or\u00e9gano y salsa de la casa.<\/p>\n","protected":false},"excerpt":{"rendered":"<p>Si te encantan los embutidos no puedes perderte de esta exquisita pizza, hecha especialmente para los amantes de los embutidos de primera calidad.<\/p>\n<p>Ingredientes: Choricillos, champi\u00f1ones, jam\u00f3n, queso mozarella fundido, or\u00e9gano y salsa de la casa.<\/p>\n","protected":false},"featured_media":5370,"comment_status":"open","ping_status":"closed","template":"","meta":[],"product_cat":[61,62,51,59],"product_tag":[],"class_list":{"0":"post-5983","1":"product","2":"type-product","3":"status-publish","4":"has-post-thumbnail","6":"product_cat-pizza-by-the-slice","7":"product_cat-deep-dish-pizza","8":"product_cat-pizza","9":"product_cat-thin-crust-pizza","11":"first","12":"instock","13":"featured","14":"shipping-taxable","15":"purchasable","16":"product-type-variable"},"_links":{"self":[{"href":"https:\/\/thegourmet.com.ec\/wp\/wp-json\/wp\/v2\/product\/5983","targetHints":{"allow":["GET"]}}],"collection":[{"href":"https:\/\/thegourmet.com.ec\/wp\/wp-json\/wp\/v2\/product"}],"about":[{"href":"https:\/\/thegourmet.com.ec\/wp\/wp-json\/wp\/v2\/types\/product"}],"replies":[{"embeddable":true,"href":"https:\/\/thegourmet.com.ec\/wp\/wp-json\/wp\/v2\/comments?post=5983"}],"wp:featuredmedia":[{"embeddable":true,"href":"https:\/\/thegourmet.com.ec\/wp\/wp-json\/wp\/v2\/media\/5370"}],"wp:attachment":[{"href":"https:\/\/thegourmet.com.ec\/wp\/wp-json\/wp\/v2\/media?parent=5983"}],"wp:term":[{"taxonomy":"product_cat","embeddable":true,"href":"https:\/\/thegourmet.com.ec\/wp\/wp-json\/wp\/v2\/product_cat?post=5983"},{"taxonomy":"product_tag","embeddable":true,"href":"https:\/\/thegourmet.com.ec\/wp\/wp-json\/wp\/v2\/product_tag?post=5983"}],"curies":[{"name":"wp","href":"https:\/\/api.w.org\/{rel}","templated":true}]}}