{"id":484,"date":"2022-07-25T07:43:19","date_gmt":"2022-07-25T07:43:19","guid":{"rendered":"https:\/\/starbelly-demo.bslthemes.com\/?page_id=484"},"modified":"2024-09-04T01:54:11","modified_gmt":"2024-09-04T01:54:11","slug":"about-2","status":"publish","type":"page","link":"https:\/\/thegourmet.com.ec\/site\/about-2\/","title":{"rendered":"About 2"},"content":{"rendered":"\t\t<div data-elementor-type=\"wp-page\" data-elementor-id=\"484\" class=\"elementor elementor-484\">\n\t\t\t\t\t\t<section class=\"elementor-section elementor-top-section elementor-element elementor-element-66fc807 elementor-section-full_width elementor-section-height-default elementor-section-height-default\" data-id=\"66fc807\" data-element_type=\"section\">\n\t\t\t\t\t\t<div class=\"elementor-container elementor-column-gap-no\">\n\t\t\t\t\t<div class=\"elementor-column elementor-col-100 elementor-top-column elementor-element elementor-element-4a5d255\" data-id=\"4a5d255\" data-element_type=\"column\">\n\t\t\t<div class=\"elementor-widget-wrap elementor-element-populated\">\n\t\t\t\t\t\t<div class=\"elementor-element elementor-element-ef7fa22 elementor-widget elementor-widget-starbelly-intro\" data-id=\"ef7fa22\" data-element_type=\"widget\" data-widget_type=\"starbelly-intro.default\">\n\t\t\t\t<div class=\"elementor-widget-container\">\n\t\t\t\n\t\t<!-- banner -->\n\t\t<section class=\"sb-banner sb-banner-sm sb-banner-color\">\n\t\t\t<div class=\"container\">\n\t\t\t\t<div class=\"row\">\n\t\t\t\t\t<div class=\"col-lg-12\">\n\t\t\t\t\t\t<!-- main title -->\n\t\t\t\t\t\t<div class=\"sb-main-title-frame\">\n\t\t\t\t\t\t\t<div class=\"sb-main-title text-center\">\n\t\t\t\t\t\t\t\t\t\t\t\t\t\t\t\t<span class=\"sb-suptitle sb-mb-30\">\n\t\t\t\t\t\t\t\t\t<span >\n\t\t\t\t\t          About us\t\t\t\t\t        <\/span>\n\t\t\t\t\t\t\t\t<\/span>\n\t\t\t\t\t\t\t\t\t\t\t\t\t\t\t\t\t\t\t\t\t\t\t\t<h1 class=\"sb-title-el sb-mb-30\">\n\t\t\t\t\t\t\t\t\t<span >\n\t\t\t\t\t          Somos la <b>familia<\/b> The Gourmet <br> Pizzer\u00eda <b><\/b>.\t\t\t\t\t        <\/span>\n\t\t\t\t\t\t\t\t<\/h1>\n\t\t\t\t\t\t\t\t\t\t\t\t\t\t\t\t\t\t\t\t\t\t\t\t<p class=\"sb-text sb-text-lg sb-mb-30\">\n\t\t\t\t\t\t\t\t\t<span >\n\t\t\t\t\t          Disfrute su pizza!!\t\t\t\t\t        <\/span>\n\t\t\t\t\t\t\t\t<\/p>\n\t\t\t\t\t\t\t\t\t\t\t\t\t\t\t\t\t\t\t\t\t\t\t\t<ul class=\"sb-breadcrumbs\"><li><a href=\"https:\/\/thegourmet.com.ec\/site\" title=\"The Gourmet Pizzeria\">Home<\/a><\/li><li class=\"sb-active\"><a ><\/a><\/li><\/ul>\t\t\t\t\t\t\t\t\t\t\t\t\t\t\t<\/div>\n\t\t\t\t\t\t<\/div>\n\t\t\t\t\t\t<!-- main title end -->\n\t\t\t\t\t<\/div>\n\t\t\t\t<\/div>\n\t\t\t<\/div>\n\t\t<\/section>\n\t\t<!-- banner end -->\n\n\t\t\t\t<\/div>\n\t\t\t\t<\/div>\n\t\t\t\t\t<\/div>\n\t\t<\/div>\n\t\t\t\t\t<\/div>\n\t\t<\/section>\n\t\t\t\t<section class=\"elementor-section elementor-top-section elementor-element elementor-element-66d7733 elementor-section-full_width elementor-section-height-default elementor-section-height-default\" data-id=\"66d7733\" data-element_type=\"section\">\n\t\t\t\t\t\t<div class=\"elementor-container elementor-column-gap-default\">\n\t\t\t\t\t<div class=\"elementor-column elementor-col-100 elementor-top-column elementor-element elementor-element-270981d\" data-id=\"270981d\" data-element_type=\"column\">\n\t\t\t<div class=\"elementor-widget-wrap elementor-element-populated\">\n\t\t\t\t\t\t<div class=\"elementor-element elementor-element-987845b elementor-widget elementor-widget-starbelly-about-us\" data-id=\"987845b\" data-element_type=\"widget\" data-widget_type=\"starbelly-about-us.default\">\n\t\t\t\t<div class=\"elementor-widget-container\">\n\t\t\t\n    <!-- About text -->\n    <section class=\"sb-about-text sb-p-90-0\">\n\t\t\t\t\t\t\t\t\t<div class=\"sb-bg-2\" style=\"margin-top: 90px\">\n\t\t\t\t<div><\/div>\n\t\t\t<\/div>\n\t\t\t\n\t\t\t<div class=\"container\">\n        <div class=\"row\">\n          <div class=\"col-lg-6 align-self-center\">\n            <div class=\"sb-illustration-2 sb-mb-90\">\n                            <div class=\"sb-interior-frame\">\n                <img decoding=\"async\" src=\"https:\/\/thegourmet.com.ec\/site\/wp-content\/uploads\/2024\/09\/420947511_910296714435077_3135794973261358295_n-950x713.jpg\" alt=\"image\" class=\"sb-interior\" style=\"object-position: center\">\n              <\/div>\n              \n                            <div class=\"sb-square\"><\/div>\n              \n                            <div class=\"sb-cirkle-1\"><\/div>\n              <div class=\"sb-cirkle-2\"><\/div>\n              <div class=\"sb-cirkle-3\"><\/div>\n              <div class=\"sb-cirkle-4\"><\/div>\n              \n                            <div class=\"sb-experience\">\n                <div class=\"sb-exp-content\">\n                  <p class=\"sb-h1 sb-mb-10\">\n                    <span >\n              \t\t\t\t21              \t\t\t<\/span>\n                  <\/p>\n                                    <p class=\"sb-h3\">\n                    <span >\n              \t\t\t\tA\u00d1OS JUNTOS              \t\t\t<\/span>\n                  <\/p>\n                                  <\/div>\n              <\/div>\n                          <\/div>\n          <\/div>\n          <div class=\"col-lg-6 align-self-center sb-mb-60\">\n                        <h2 class=\"sb-mb-60\">\n              <span >\n        \t\t\t\tBienvenidos        \t\t\t<\/span>\n            <\/h2>\n                                    <div class=\"sb-text sb-mb-30\">\n              <div >\n        \t\t\t  <p>Gracias por compartir con nosotros desde el a\u00f1 2003, ha sido una aventra increible. Recordamos con cari\u00f1o a todos ustedes que nos apoyaron, los llevamos en el coraz\u00f3n.<\/p><p>Es un gusto servirles, nos esforzamos por mejorar y brindarles una gran experiencia.<\/p>        \t\t\t<\/div>\n            <\/div>\n                                    <img decoding=\"async\" src=\"https:\/\/thegourmet.com.ec\/site\/wp-content\/uploads\/2022\/05\/signature.png\" alt=\"image\" class=\"sb-signature sb-mb-30\">\n                      <\/div>\n        <\/div>\n      <\/div>\n    <\/section>\n    <!-- About text end -->\n\n\t\t\t\t<\/div>\n\t\t\t\t<\/div>\n\t\t\t\t\t<\/div>\n\t\t<\/div>\n\t\t\t\t\t<\/div>\n\t\t<\/section>\n\t\t\t\t<section class=\"elementor-section elementor-top-section elementor-element elementor-element-fab2934 elementor-section-full_width elementor-section-height-default elementor-section-height-default\" data-id=\"fab2934\" data-element_type=\"section\">\n\t\t\t\t\t\t<div class=\"elementor-container elementor-column-gap-no\">\n\t\t\t\t\t<div class=\"elementor-column elementor-col-100 elementor-top-column elementor-element elementor-element-55567f2\" data-id=\"55567f2\" data-element_type=\"column\">\n\t\t\t<div class=\"elementor-widget-wrap elementor-element-populated\">\n\t\t\t\t\t\t<div class=\"elementor-element elementor-element-304a4c7 elementor-widget elementor-widget-starbelly-promo-video\" data-id=\"304a4c7\" data-element_type=\"widget\" data-widget_type=\"starbelly-promo-video.default\">\n\t\t\t\t<div class=\"elementor-widget-container\">\n\t\t\t\n\t\t<!-- video -->\n\t\t<section class=\"sb-video\">\n\t\t\t<div class=\"container\">\n\t\t\t\t<div class=\"row align-items-center\">\n\t\t\t\t\t<div class=\"col-lg-6\">\n\t\t\t\t\t\t<div class=\"sb-mb-90\">\n\t\t\t\t\t\t\t\t\t\t\t\t\t\t<span class=\"sb-suptitle sb-mb-15\">\n\t\t\t\t\t\t\t\t<span >\n\t        \t\t\t\tVideo\t        \t\t\t<\/span>\n\t\t\t\t\t\t\t<\/span>\n\t\t\t\t\t\t\t\t\t\t\t\t\t\t\t\t\t\t\t\t\t<h2 class=\"sb-mb-30\">\n\t\t\t\t\t\t\t\t<span >\n\t        \t\t\t\tTe has preguntado como se prepara la pizza m\u00e1s rica de Riobamba?\t        \t\t\t<\/span>\n\t\t\t\t\t\t\t<\/h2>\n\t\t\t\t\t\t\t\t\t\t\t\t\t\t\t\t\t\t\t\t\t<div class=\"sb-text sb-mb-30\">\n\t\t\t\t\t\t\t\t<div >\n\t        \t\t\t\t<p>Para nosotros lo m\u00e1s importante es la experiencia de sabor que brindamos a nuestros amigos, es por eso que seleccionamos los ingredientes de mejor calidad de la provincia.<\/p>\t        \t\t\t<\/div>\n\t\t\t\t\t\t\t<\/div>\n\t\t\t\t\t\t\t\t\t\t\t\t\t\t\t\t\t\t\t\t\t<!-- button -->\n\t\t\t\t\t\t\t<a data-magnific-video data-no-swup href=\"https:\/\/thegourmet.com.ec\/site\/wp-content\/uploads\/2024\/09\/video_promo_david-2.mp4\" class=\"sb-btn\">\n\t\t\t\t\t\t\t\t<span class=\"sb-icon\">\n\t\t\t\t\t\t\t\t\t<span class=\"sb-icon-play\"><\/span>\n\t\t\t\t\t\t\t\t<\/span>\n\t\t\t\t\t\t\t\t<span >\n\t        \t\t\t\tVer Video\t        \t\t\t<\/span>\n\t\t\t\t\t\t\t<\/a>\n\t\t\t\t\t\t\t<!-- button end -->\n\t\t\t\t\t\t\t\t\t\t\t\t\t<\/div>\n\t\t\t\t\t<\/div>\n\t\t\t\t\t<div class=\"col-lg-6 align-self-center\">\n\t\t\t\t\t\t<div class=\"sb-illustration-7 sb-mb-90\">\n\t\t\t\t\t\t\t<div class=\"sb-interior-frame\">\n\t\t\t\t\t\t\t\t\t\t\t\t\t\t\t\t<img decoding=\"async\" src=\"https:\/\/thegourmet.com.ec\/site\/wp-content\/uploads\/2022\/07\/interior-2-950x625.jpg\" alt=\"Video\" class=\"sb-interior\" \/>\n\t\t\t\t\t\t\t\t\t\t\t\t\t\t\t\t\t\t\t\t\t\t\t\t<a data-magnific-video data-no-swup href=\"https:\/\/thegourmet.com.ec\/site\/wp-content\/uploads\/2024\/09\/video_promo_david-2.mp4\" class=\"sb-video-play\"><i class=\"fas fa-play\"><\/i><\/a>\n\t\t\t\t\t\t\t\t\t\t\t\t\t\t\t<\/div>\n\n\t\t\t\t\t\t\t\t\t\t\t\t\t\t<div class=\"sb-cirkle-1\"><\/div>\n\t\t\t\t\t\t\t<div class=\"sb-cirkle-2\"><\/div>\n\t\t\t\t\t\t\t<div class=\"sb-cirkle-3\"><\/div>\n\t\t\t\t\t\t\t<div class=\"sb-cirkle-4\"><\/div>\n\t\t\t\t\t\t\t\t\t\t\t\t\t<\/div>\n\t\t\t\t\t<\/div>\n\t\t\t\t<\/div>\n\t\t\t<\/div>\n\t\t<\/section>\n\t\t<!-- video end -->\n\n\t\t\t\t<\/div>\n\t\t\t\t<\/div>\n\t\t\t\t\t<\/div>\n\t\t<\/div>\n\t\t\t\t\t<\/div>\n\t\t<\/section>\n\t\t\t\t<section class=\"elementor-section elementor-top-section elementor-element elementor-element-b739dd9 elementor-section-full_width elementor-section-height-default elementor-section-height-default\" data-id=\"b739dd9\" data-element_type=\"section\">\n\t\t\t\t\t\t<div class=\"elementor-container elementor-column-gap-no\">\n\t\t\t\t\t<div class=\"elementor-column elementor-col-100 elementor-top-column elementor-element elementor-element-bea0209\" data-id=\"bea0209\" data-element_type=\"column\">\n\t\t\t<div class=\"elementor-widget-wrap elementor-element-populated\">\n\t\t\t\t\t\t<div class=\"elementor-element elementor-element-dd68a7a elementor-widget elementor-widget-starbelly-cta\" data-id=\"dd68a7a\" data-element_type=\"widget\" data-widget_type=\"starbelly-cta.default\">\n\t\t\t\t<div class=\"elementor-widget-container\">\n\t\t\t\n    <!-- call to action -->\n    <section class=\"sb-call-to-action\">\n      <div class=\"sb-bg-3\"><\/div>\n      <div class=\"container\">\n        <div class=\"row\">\n          <div class=\"col-lg-6 align-self-center\">\n            <div class=\"sb-cta-text\">\n                            <h2 class=\"sb-h1 sb-title--h sb-mb-30\">\n                <span >\n                  Descarga nuestra app.                <\/span>\n              <\/h2>\n                                          <div class=\"sb-text sb-mb-30\">\n                <div >\n                  <p>Con nuestra aplicaci\u00f3n puedes conocer nuestro variado men\u00fa y comprar en l\u00ednea la pizza que m\u00e1s te guste.<\/p>                <\/div>\n              <\/div>\n                                          <a href=\"https:\/\/play.google.com\/store\/apps\/details?id=pedidosonline.thegourmetpizzeriariobamba&#038;hl=es\" target=\"_blank\" data-no-swup class=\"sb-download-btn\">\n                <img decoding=\"async\" src=\"https:\/\/thegourmet.com.ec\/site\/wp-content\/themes\/starbelly\/assets\/img\/buttons\/1.svg\" alt=\"img\" \/>\n              <\/a>\n                                          <a href=\"\" target=\"_blank\" data-no-swup class=\"sb-download-btn\">\n                <img decoding=\"async\" src=\"https:\/\/thegourmet.com.ec\/site\/wp-content\/themes\/starbelly\/assets\/img\/buttons\/2.svg\" alt=\"img\" \/>\n              <\/a>\n                          <\/div>\n          <\/div>\n          <div class=\"col-lg-6\">\n            <div class=\"sb-illustration-3\">\n                            <img decoding=\"async\" src=\"https:\/\/thegourmet.com.ec\/site\/wp-content\/uploads\/2024\/09\/cell.png\" alt=\"img\" class=\"sb-phones\">\n                                          <div class=\"sb-cirkle-1\"><\/div>\n                                          <div class=\"sb-cirkle-2\"><\/div>\n                                          <div class=\"sb-cirkle-3\"><\/div>\n                                          <div class=\"sb-cirkle-4\"><\/div>\n                                          <img decoding=\"async\" src=\"https:\/\/thegourmet.com.ec\/site\/wp-content\/themes\/starbelly\/assets\/img\/illustrations\/1.svg\" alt=\"img\" class=\"sb-pik-1\" \/>\n                                          <img decoding=\"async\" src=\"https:\/\/thegourmet.com.ec\/site\/wp-content\/themes\/starbelly\/assets\/img\/illustrations\/2.svg\" alt=\"img\" class=\"sb-pik-2\" \/>\n                                          <img decoding=\"async\" src=\"https:\/\/thegourmet.com.ec\/site\/wp-content\/themes\/starbelly\/assets\/img\/illustrations\/3.svg\" alt=\"img\" class=\"sb-pik-3\" \/>\n                          <\/div>\n          <\/div>\n        <\/div>\n      <\/div>\n    <\/section>\n    <!-- call to action end -->\n\n\t\t\t\t<\/div>\n\t\t\t\t<\/div>\n\t\t\t\t\t<\/div>\n\t\t<\/div>\n\t\t\t\t\t<\/div>\n\t\t<\/section>\n\t\t\t\t<\/div>\n\t\t","protected":false},"excerpt":{"rendered":"<p>About us Somos la familia The Gourmet Pizzer\u00eda . Disfrute su pizza!! Home 21 A\u00d1OS JUNTOS Bienvenidos Gracias por compartir.. <span class=\"sb-el-more\"><a href=\"https:\/\/thegourmet.com.ec\/site\/about-2\/\" class=\"sb-btn\"><span class=\"sb-icon\"><span class=\"sb-icon-arrow\"><\/span><\/span><span>Read more<\/span><\/a><\/span><\/p>\n","protected":false},"author":1,"featured_media":0,"parent":0,"menu_order":0,"comment_status":"closed","ping_status":"closed","template":"template-layout-builder.php","meta":{"footnotes":""},"class_list":["post-484","page","type-page","status-publish","hentry"],"acf":[],"_links":{"self":[{"href":"https:\/\/thegourmet.com.ec\/site\/wp-json\/wp\/v2\/pages\/484"}],"collection":[{"href":"https:\/\/thegourmet.com.ec\/site\/wp-json\/wp\/v2\/pages"}],"about":[{"href":"https:\/\/thegourmet.com.ec\/site\/wp-json\/wp\/v2\/types\/page"}],"author":[{"embeddable":true,"href":"https:\/\/thegourmet.com.ec\/site\/wp-json\/wp\/v2\/users\/1"}],"replies":[{"embeddable":true,"href":"https:\/\/thegourmet.com.ec\/site\/wp-json\/wp\/v2\/comments?post=484"}],"version-history":[{"count":34,"href":"https:\/\/thegourmet.com.ec\/site\/wp-json\/wp\/v2\/pages\/484\/revisions"}],"predecessor-version":[{"id":1782,"href":"https:\/\/thegourmet.com.ec\/site\/wp-json\/wp\/v2\/pages\/484\/revisions\/1782"}],"wp:attachment":[{"href":"https:\/\/thegourmet.com.ec\/site\/wp-json\/wp\/v2\/media?parent=484"}],"curies":[{"name":"wp","href":"https:\/\/api.w.org\/{rel}","templated":true}]}}